{"id":8757,"date":"2024-08-14T15:07:17","date_gmt":"2024-08-14T15:07:17","guid":{"rendered":"https:\/\/www.buildingtrades.ca\/?page_id=8757"},"modified":"2024-09-16T16:06:26","modified_gmt":"2024-09-16T16:06:26","slug":"nous-avons-construit-ce-site-c","status":"publish","type":"page","link":"https:\/\/www.buildingtrades.ca\/fr\/nous-avons-construit-ce-site-c\/","title":{"rendered":"C'est nous qui l'avons construit : Site C"},"content":{"rendered":"<div data-elementor-type=\"wp-page\" data-elementor-id=\"8757\" class=\"elementor elementor-8757\" data-elementor-post-type=\"page\">\n\t\t\t\t<div class=\"elementor-element elementor-element-78920c8a e-flex e-con-boxed e-con e-parent\" data-id=\"78920c8a\" data-element_type=\"container\" data-e-type=\"container\" data-settings=\"{&quot;background_background&quot;:&quot;classic&quot;}\">\n\t\t\t\t\t<div class=\"e-con-inner\">\n\t\t\t\t<div class=\"elementor-element elementor-element-1ca85afa elementor-widget elementor-widget-heading\" data-id=\"1ca85afa\" data-element_type=\"widget\" data-e-type=\"widget\" data-widget_type=\"heading.default\">\n\t\t\t\t<div class=\"elementor-widget-container\">\n\t\t\t\t\t<h1 class=\"elementor-heading-title elementor-size-default\">\u00c0 propos de<\/h1>\t\t\t\t<\/div>\n\t\t\t\t<\/div>\n\t\t\t\t\t<\/div>\n\t\t\t\t<\/div>\n\t\t<div class=\"elementor-element elementor-element-ded161f e-flex e-con-boxed e-con e-parent\" data-id=\"ded161f\" data-element_type=\"container\" data-e-type=\"container\">\n\t\t\t\t\t<div class=\"e-con-inner\">\n\t\t\t\t<div class=\"elementor-element elementor-element-1b0a78a elementor-widget elementor-widget-heading\" data-id=\"1b0a78a\" data-element_type=\"widget\" data-e-type=\"widget\" data-widget_type=\"heading.default\">\n\t\t\t\t<div class=\"elementor-widget-container\">\n\t\t\t\t\t<h2 class=\"elementor-heading-title elementor-size-default\">C'est nous qui l'avons construit !<\/h2>\t\t\t\t<\/div>\n\t\t\t\t<\/div>\n\t\t\t\t<div class=\"elementor-element elementor-element-ef387e0 elementor-widget elementor-widget-heading\" data-id=\"ef387e0\" data-element_type=\"widget\" data-e-type=\"widget\" data-widget_type=\"heading.default\">\n\t\t\t\t<div class=\"elementor-widget-container\">\n\t\t\t\t\t<h2 class=\"elementor-heading-title elementor-size-default\">Site C<\/h2>\t\t\t\t<\/div>\n\t\t\t\t<\/div>\n\t\t\t\t<div class=\"elementor-element elementor-element-fd5f021 elementor-widget elementor-widget-text-editor\" data-id=\"fd5f021\" data-element_type=\"widget\" data-e-type=\"widget\" data-widget_type=\"text-editor.default\">\n\t\t\t\t<div class=\"elementor-widget-container\">\n\t\t\t\t\t\t\t\t\t<p>Le site C LNG est une centrale hydro\u00e9lectrique situ\u00e9e sur la rivi\u00e8re de la Paix, en Colombie-Britannique, dont la construction a d\u00e9but\u00e9 en 2015. Ce projet fournira suffisamment d'\u00e9lectricit\u00e9 renouvelable pour alimenter l'\u00e9quivalent d'environ 450 000 foyers par an en Colombie-Britannique. Il constituera une source d'\u00e9lectricit\u00e9 propre, fiable et rentable pendant plus de 100 ans. Elle g\u00e9n\u00e9rera \u00e9galement un d\u00e9veloppement \u00e9conomique pour les communaut\u00e9s indig\u00e8nes voisines de Peace River. \u00c0 son ach\u00e8vement, pr\u00e9vu pour 2025, le site C aura cr\u00e9\u00e9 environ 13 000 emplois.<\/p><p><strong>Le savais-tu ?<\/strong> Le site C produira moins d'\u00e9missions que la plupart des autres options de production d'\u00e9lectricit\u00e9, comme le nucl\u00e9aire.<\/p>\t\t\t\t\t\t\t\t<\/div>\n\t\t\t\t<\/div>\n\t\t\t\t<div class=\"elementor-element elementor-element-114ad32 elementor-widget elementor-widget-button\" data-id=\"114ad32\" data-element_type=\"widget\" data-e-type=\"widget\" data-widget_type=\"button.default\">\n\t\t\t\t<div class=\"elementor-widget-container\">\n\t\t\t\t\t\t\t\t\t<div class=\"elementor-button-wrapper\">\n\t\t\t\t\t<a class=\"elementor-button elementor-button-link elementor-size-sm\" href=\"https:\/\/www.sitecproject.com\/\">\n\t\t\t\t\t\t<span class=\"elementor-button-content-wrapper\">\n\t\t\t\t\t\t\t\t\t<span class=\"elementor-button-text\">En savoir plus<\/span>\n\t\t\t\t\t<\/span>\n\t\t\t\t\t<\/a>\n\t\t\t\t<\/div>\n\t\t\t\t\t\t\t\t<\/div>\n\t\t\t\t<\/div>\n\t\t\t\t\t<\/div>\n\t\t\t\t<\/div>\n\t\t<div class=\"elementor-element elementor-element-47a9787 e-flex e-con-boxed e-con e-parent\" data-id=\"47a9787\" data-element_type=\"container\" data-e-type=\"container\">\n\t\t\t\t\t<div class=\"e-con-inner\">\n\t\t\t\t<div class=\"elementor-element elementor-element-3e2928e elementor-arrows-position-inside elementor-pagination-position-outside elementor-widget elementor-widget-image-carousel\" data-id=\"3e2928e\" data-element_type=\"widget\" data-e-type=\"widget\" data-settings=\"{&quot;navigation&quot;:&quot;both&quot;,&quot;autoplay&quot;:&quot;yes&quot;,&quot;pause_on_hover&quot;:&quot;yes&quot;,&quot;pause_on_interaction&quot;:&quot;yes&quot;,&quot;autoplay_speed&quot;:5000,&quot;infinite&quot;:&quot;yes&quot;,&quot;speed&quot;:500}\" data-widget_type=\"image-carousel.default\">\n\t\t\t\t<div class=\"elementor-widget-container\">\n\t\t\t\t\t\t\t<div class=\"elementor-image-carousel-wrapper swiper\" role=\"region\" aria-roledescription=\"carousel\" aria-label=\"Carrousel d\u2019images\" dir=\"ltr\" data-no-translation-aria-label=\"\">\n\t\t\t<div class=\"elementor-image-carousel swiper-wrapper\" aria-live=\"off\">\n\t\t\t\t\t\t\t\t<div class=\"swiper-slide\" role=\"group\" aria-roledescription=\"slide\" aria-label=\"1 de 4\" data-no-translation-aria-label=\"\"><figure class=\"swiper-slide-inner\"><img decoding=\"async\" class=\"swiper-slide-image\" src=\"https:\/\/www.buildingtrades.ca\/wp-content\/uploads\/2024\/08\/LNG-Site-C.jpg\" alt=\"Site GNL C\" \/><\/figure><\/div><div class=\"swiper-slide\" role=\"group\" aria-roledescription=\"slide\" aria-label=\"2 de 4\" data-no-translation-aria-label=\"\"><figure class=\"swiper-slide-inner\"><img decoding=\"async\" class=\"swiper-slide-image\" src=\"https:\/\/www.buildingtrades.ca\/wp-content\/uploads\/2024\/08\/PXL_20230801_185537641-1-768x578.jpg\" alt=\"PXL_20230801_185537641\" \/><\/figure><\/div><div class=\"swiper-slide\" role=\"group\" aria-roledescription=\"slide\" aria-label=\"3 de 4\" data-no-translation-aria-label=\"\"><figure class=\"swiper-slide-inner\"><img decoding=\"async\" class=\"swiper-slide-image\" src=\"https:\/\/www.buildingtrades.ca\/wp-content\/uploads\/2024\/08\/Site-C-LNG-768x432.jpg\" alt=\"Site C LNG\" \/><\/figure><\/div><div class=\"swiper-slide\" role=\"group\" aria-roledescription=\"slide\" aria-label=\"4 de 4\" data-no-translation-aria-label=\"\"><figure class=\"swiper-slide-inner\"><img decoding=\"async\" class=\"swiper-slide-image\" src=\"https:\/\/www.buildingtrades.ca\/wp-content\/uploads\/2024\/08\/PXL_20230801_183927727-768x578.jpg\" alt=\"PXL_20230801_183927727\" \/><\/figure><\/div>\t\t\t<\/div>\n\t\t\t\t\t\t\t\t\t\t\t\t<div class=\"elementor-swiper-button elementor-swiper-button-prev\" role=\"button\" tabindex=\"0\">\n\t\t\t\t\t\t<svg aria-hidden=\"true\" class=\"e-font-icon-svg e-eicon-chevron-left\" viewbox=\"0 0 1000 1000\" xmlns=\"http:\/\/www.w3.org\/2000\/svg\"><path d=\"M646 125C629 125 613 133 604 142L308 442C296 454 292 471 292 487 292 504 296 521 308 533L604 854C617 867 629 875 646 875 663 875 679 871 692 858 704 846 713 829 713 812 713 796 708 779 692 767L438 487 692 225C700 217 708 204 708 187 708 171 704 154 692 142 675 129 663 125 646 125Z\"><\/path><\/svg>\t\t\t\t\t<\/div>\n\t\t\t\t\t<div class=\"elementor-swiper-button elementor-swiper-button-next\" role=\"button\" tabindex=\"0\">\n\t\t\t\t\t\t<svg aria-hidden=\"true\" class=\"e-font-icon-svg e-eicon-chevron-right\" viewbox=\"0 0 1000 1000\" xmlns=\"http:\/\/www.w3.org\/2000\/svg\"><path d=\"M696 533C708 521 713 504 713 487 713 471 708 454 696 446L400 146C388 133 375 125 354 125 338 125 325 129 313 142 300 154 292 171 292 187 292 204 296 221 308 233L563 492 304 771C292 783 288 800 288 817 288 833 296 850 308 863 321 871 338 875 354 875 371 875 388 867 400 854L696 533Z\"><\/path><\/svg>\t\t\t\t\t<\/div>\n\t\t\t\t\n\t\t\t\t\t\t\t\t\t<div class=\"swiper-pagination\"><\/div>\n\t\t\t\t\t\t\t\t\t<\/div>\n\t\t\t\t\t\t<\/div>\n\t\t\t\t<\/div>\n\t\t\t\t\t<\/div>\n\t\t\t\t<\/div>\n\t\t\t\t<\/div>","protected":false},"excerpt":{"rendered":"<p>\u00c0 propos de We Built That ! Site C LNG Le site C est une centrale hydro\u00e9lectrique situ\u00e9e sur la rivi\u00e8re de la Paix, en Colombie-Britannique, dont la construction a d\u00e9but\u00e9 en 2015. Ce projet fournira suffisamment d'\u00e9lectricit\u00e9 renouvelable pour alimenter l'\u00e9quivalent d'environ 450 000 foyers par an en Colombie-Britannique.Il constituera une source d'\u00e9nergie propre, fiable et rentable [...]<\/p>","protected":false},"author":3,"featured_media":8596,"parent":0,"menu_order":0,"comment_status":"closed","ping_status":"closed","template":"","meta":{"footnotes":""},"class_list":["post-8757","page","type-page","status-publish","has-post-thumbnail","hentry"],"yoast_head":"<!-- This site is optimized with the Yoast SEO plugin v25.4 - https:\/\/yoast.com\/wordpress\/plugins\/seo\/ -->\n<title>We Built That: Site C - Canada&#039;s Building Trades Unions<\/title>\n<meta name=\"description\" content=\"Our members are proud of the projects we\u2019ve built from coast to coast, and you\u2019ll frequently hear them proudly declare \u2018I built that!\u2019 to their friends, families, and communities whenever they\u2019re near a project they\u2019ve worked on, like Site C.\" \/>\n<meta name=\"robots\" content=\"index, follow, max-snippet:-1, max-image-preview:large, max-video-preview:-1\" \/>\n<link rel=\"canonical\" href=\"https:\/\/www.buildingtrades.ca\/fr\/nous-avons-construit-ce-site-c\/\" \/>\n<meta property=\"og:locale\" content=\"fr_CA\" \/>\n<meta property=\"og:type\" content=\"article\" \/>\n<meta property=\"og:title\" content=\"We Built That: Site C Dam | Canada&#039;s Building Trades Unions\" \/>\n<meta property=\"og:description\" content=\"Our members are proud of the projects we\u2019ve built from coast to coast, and you\u2019ll frequently hear them proudly declare \u2018I built that!\u2019 to their friends, families, and communities whenever they\u2019re near a project they\u2019ve worked on.\" \/>\n<meta property=\"og:url\" content=\"https:\/\/www.buildingtrades.ca\/fr\/nous-avons-construit-ce-site-c\/\" \/>\n<meta property=\"og:site_name\" content=\"Canada&#039;s Building Trades Unions\" \/>\n<meta property=\"article:publisher\" content=\"https:\/\/www.facebook.com\/CdnTrades\/\" \/>\n<meta property=\"article:modified_time\" content=\"2024-09-16T16:06:26+00:00\" \/>\n<meta property=\"og:image\" content=\"https:\/\/www.buildingtrades.ca\/wp-content\/uploads\/2024\/08\/PXL_20230801_185537641-1-scaled.jpg\" \/>\n\t<meta property=\"og:image:width\" content=\"2560\" \/>\n\t<meta property=\"og:image:height\" content=\"1928\" \/>\n\t<meta property=\"og:image:type\" content=\"image\/jpeg\" \/>\n<meta name=\"twitter:card\" content=\"summary_large_image\" \/>\n<meta name=\"twitter:site\" content=\"@CDNTrades\" \/>\n<meta name=\"twitter:label1\" content=\"Estimation du temps de lecture\" \/>\n\t<meta name=\"twitter:data1\" content=\"2 minutes\" \/>\n<script type=\"application\/ld+json\" class=\"yoast-schema-graph\">{\"@context\":\"https:\/\/schema.org\",\"@graph\":[{\"@type\":\"WebPage\",\"@id\":\"https:\/\/www.buildingtrades.ca\/en\/we-built-that-site-c\/\",\"url\":\"https:\/\/www.buildingtrades.ca\/en\/we-built-that-site-c\/\",\"name\":\"We Built That: Site C - Canada&#039;s Building Trades Unions\",\"isPartOf\":{\"@id\":\"https:\/\/www.buildingtrades.ca\/en\/#website\"},\"primaryImageOfPage\":{\"@id\":\"https:\/\/www.buildingtrades.ca\/en\/we-built-that-site-c\/#primaryimage\"},\"image\":{\"@id\":\"https:\/\/www.buildingtrades.ca\/en\/we-built-that-site-c\/#primaryimage\"},\"thumbnailUrl\":\"https:\/\/www.buildingtrades.ca\/wp-content\/uploads\/2024\/08\/PXL_20230801_185537641-scaled.jpg\",\"datePublished\":\"2024-08-14T15:07:17+00:00\",\"dateModified\":\"2024-09-16T16:06:26+00:00\",\"description\":\"Our members are proud of the projects we\u2019ve built from coast to coast, and you\u2019ll frequently hear them proudly declare \u2018I built that!\u2019 to their friends, families, and communities whenever they\u2019re near a project they\u2019ve worked on, like Site C.\",\"breadcrumb\":{\"@id\":\"https:\/\/www.buildingtrades.ca\/en\/we-built-that-site-c\/#breadcrumb\"},\"inLanguage\":\"fr-CA\",\"potentialAction\":[{\"@type\":\"ReadAction\",\"target\":[\"https:\/\/www.buildingtrades.ca\/en\/we-built-that-site-c\/\"]}]},{\"@type\":\"ImageObject\",\"inLanguage\":\"fr-CA\",\"@id\":\"https:\/\/www.buildingtrades.ca\/en\/we-built-that-site-c\/#primaryimage\",\"url\":\"https:\/\/www.buildingtrades.ca\/wp-content\/uploads\/2024\/08\/PXL_20230801_185537641-scaled.jpg\",\"contentUrl\":\"https:\/\/www.buildingtrades.ca\/wp-content\/uploads\/2024\/08\/PXL_20230801_185537641-scaled.jpg\",\"width\":2560,\"height\":1928},{\"@type\":\"BreadcrumbList\",\"@id\":\"https:\/\/www.buildingtrades.ca\/en\/we-built-that-site-c\/#breadcrumb\",\"itemListElement\":[{\"@type\":\"ListItem\",\"position\":1,\"name\":\"Home\",\"item\":\"https:\/\/www.buildingtrades.ca\/en\/\"},{\"@type\":\"ListItem\",\"position\":2,\"name\":\"We Built That: Site C\"}]},{\"@type\":\"WebSite\",\"@id\":\"https:\/\/www.buildingtrades.ca\/en\/#website\",\"url\":\"https:\/\/www.buildingtrades.ca\/en\/\",\"name\":\"Canada's Building Trades Unions\",\"description\":\"We are the national voice of over half a million Canadian construction workers\u2014members of 14 international unions who work in more than 60 different trades and occupations, and generate six percent of this country\u2019s GDP.\",\"publisher\":{\"@id\":\"https:\/\/www.buildingtrades.ca\/en\/#organization\"},\"potentialAction\":[{\"@type\":\"SearchAction\",\"target\":{\"@type\":\"EntryPoint\",\"urlTemplate\":\"https:\/\/www.buildingtrades.ca\/en\/?s={search_term_string}\"},\"query-input\":{\"@type\":\"PropertyValueSpecification\",\"valueRequired\":true,\"valueName\":\"search_term_string\"}}],\"inLanguage\":\"fr-CA\"},{\"@type\":\"Organization\",\"@id\":\"https:\/\/www.buildingtrades.ca\/en\/#organization\",\"name\":\"Canada's Building Trades Unions\",\"url\":\"https:\/\/www.buildingtrades.ca\/en\/\",\"logo\":{\"@type\":\"ImageObject\",\"inLanguage\":\"fr-CA\",\"@id\":\"https:\/\/www.buildingtrades.ca\/en\/#\/schema\/logo\/image\/\",\"url\":\"https:\/\/www.buildingtrades.ca\/wp-content\/uploads\/2024\/07\/cbtu-logo.svg\",\"contentUrl\":\"https:\/\/www.buildingtrades.ca\/wp-content\/uploads\/2024\/07\/cbtu-logo.svg\",\"width\":227,\"height\":78,\"caption\":\"Canada's Building Trades Unions\"},\"image\":{\"@id\":\"https:\/\/www.buildingtrades.ca\/en\/#\/schema\/logo\/image\/\"},\"sameAs\":[\"https:\/\/www.facebook.com\/CdnTrades\/\",\"https:\/\/x.com\/CDNTrades\"]}]}<\/script>\n<!-- \/ Yoast SEO plugin. -->","yoast_head_json":{"title":"We Built That: Site C - Canada&#039;s Building Trades Unions","description":"Our members are proud of the projects we\u2019ve built from coast to coast, and you\u2019ll frequently hear them proudly declare \u2018I built that!\u2019 to their friends, families, and communities whenever they\u2019re near a project they\u2019ve worked on, like Site C.","robots":{"index":"index","follow":"follow","max-snippet":"max-snippet:-1","max-image-preview":"max-image-preview:large","max-video-preview":"max-video-preview:-1"},"canonical":"https:\/\/www.buildingtrades.ca\/fr\/nous-avons-construit-ce-site-c\/","og_locale":"fr_CA","og_type":"article","og_title":"We Built That: Site C Dam | Canada's Building Trades Unions","og_description":"Our members are proud of the projects we\u2019ve built from coast to coast, and you\u2019ll frequently hear them proudly declare \u2018I built that!\u2019 to their friends, families, and communities whenever they\u2019re near a project they\u2019ve worked on.","og_url":"https:\/\/www.buildingtrades.ca\/fr\/nous-avons-construit-ce-site-c\/","og_site_name":"Canada&#039;s Building Trades Unions","article_publisher":"https:\/\/www.facebook.com\/CdnTrades\/","article_modified_time":"2024-09-16T16:06:26+00:00","og_image":[{"width":2560,"height":1928,"url":"https:\/\/www.buildingtrades.ca\/wp-content\/uploads\/2024\/08\/PXL_20230801_185537641-1-scaled.jpg","type":"image\/jpeg"}],"twitter_card":"summary_large_image","twitter_site":"@CDNTrades","twitter_misc":{"Estimation du temps de lecture":"2 minutes"},"schema":{"@context":"https:\/\/schema.org","@graph":[{"@type":"WebPage","@id":"https:\/\/www.buildingtrades.ca\/en\/we-built-that-site-c\/","url":"https:\/\/www.buildingtrades.ca\/en\/we-built-that-site-c\/","name":"We Built That: Site C - Canada&#039;s Building Trades Unions","isPartOf":{"@id":"https:\/\/www.buildingtrades.ca\/en\/#website"},"primaryImageOfPage":{"@id":"https:\/\/www.buildingtrades.ca\/en\/we-built-that-site-c\/#primaryimage"},"image":{"@id":"https:\/\/www.buildingtrades.ca\/en\/we-built-that-site-c\/#primaryimage"},"thumbnailUrl":"https:\/\/www.buildingtrades.ca\/wp-content\/uploads\/2024\/08\/PXL_20230801_185537641-scaled.jpg","datePublished":"2024-08-14T15:07:17+00:00","dateModified":"2024-09-16T16:06:26+00:00","description":"Our members are proud of the projects we\u2019ve built from coast to coast, and you\u2019ll frequently hear them proudly declare \u2018I built that!\u2019 to their friends, families, and communities whenever they\u2019re near a project they\u2019ve worked on, like Site C.","breadcrumb":{"@id":"https:\/\/www.buildingtrades.ca\/en\/we-built-that-site-c\/#breadcrumb"},"inLanguage":"fr-CA","potentialAction":[{"@type":"ReadAction","target":["https:\/\/www.buildingtrades.ca\/en\/we-built-that-site-c\/"]}]},{"@type":"ImageObject","inLanguage":"fr-CA","@id":"https:\/\/www.buildingtrades.ca\/en\/we-built-that-site-c\/#primaryimage","url":"https:\/\/www.buildingtrades.ca\/wp-content\/uploads\/2024\/08\/PXL_20230801_185537641-scaled.jpg","contentUrl":"https:\/\/www.buildingtrades.ca\/wp-content\/uploads\/2024\/08\/PXL_20230801_185537641-scaled.jpg","width":2560,"height":1928},{"@type":"BreadcrumbList","@id":"https:\/\/www.buildingtrades.ca\/en\/we-built-that-site-c\/#breadcrumb","itemListElement":[{"@type":"ListItem","position":1,"name":"Home","item":"https:\/\/www.buildingtrades.ca\/en\/"},{"@type":"ListItem","position":2,"name":"We Built That: Site C"}]},{"@type":"WebSite","@id":"https:\/\/www.buildingtrades.ca\/en\/#website","url":"https:\/\/www.buildingtrades.ca\/en\/","name":"Canada's Building Trades Unions","description":"We are the national voice of over half a million Canadian construction workers\u2014members of 14 international unions who work in more than 60 different trades and occupations, and generate six percent of this country\u2019s GDP.","publisher":{"@id":"https:\/\/www.buildingtrades.ca\/en\/#organization"},"potentialAction":[{"@type":"SearchAction","target":{"@type":"EntryPoint","urlTemplate":"https:\/\/www.buildingtrades.ca\/en\/?s={search_term_string}"},"query-input":{"@type":"PropertyValueSpecification","valueRequired":true,"valueName":"search_term_string"}}],"inLanguage":"fr-CA"},{"@type":"Organization","@id":"https:\/\/www.buildingtrades.ca\/en\/#organization","name":"Canada's Building Trades Unions","url":"https:\/\/www.buildingtrades.ca\/en\/","logo":{"@type":"ImageObject","inLanguage":"fr-CA","@id":"https:\/\/www.buildingtrades.ca\/en\/#\/schema\/logo\/image\/","url":"https:\/\/www.buildingtrades.ca\/wp-content\/uploads\/2024\/07\/cbtu-logo.svg","contentUrl":"https:\/\/www.buildingtrades.ca\/wp-content\/uploads\/2024\/07\/cbtu-logo.svg","width":227,"height":78,"caption":"Canada's Building Trades Unions"},"image":{"@id":"https:\/\/www.buildingtrades.ca\/en\/#\/schema\/logo\/image\/"},"sameAs":["https:\/\/www.facebook.com\/CdnTrades\/","https:\/\/x.com\/CDNTrades"]}]}},"_links":{"self":[{"href":"https:\/\/www.buildingtrades.ca\/fr\/wp-json\/wp\/v2\/pages\/8757","targetHints":{"allow":["GET"]}}],"collection":[{"href":"https:\/\/www.buildingtrades.ca\/fr\/wp-json\/wp\/v2\/pages"}],"about":[{"href":"https:\/\/www.buildingtrades.ca\/fr\/wp-json\/wp\/v2\/types\/page"}],"author":[{"embeddable":true,"href":"https:\/\/www.buildingtrades.ca\/fr\/wp-json\/wp\/v2\/users\/3"}],"replies":[{"embeddable":true,"href":"https:\/\/www.buildingtrades.ca\/fr\/wp-json\/wp\/v2\/comments?post=8757"}],"version-history":[{"count":16,"href":"https:\/\/www.buildingtrades.ca\/fr\/wp-json\/wp\/v2\/pages\/8757\/revisions"}],"predecessor-version":[{"id":8906,"href":"https:\/\/www.buildingtrades.ca\/fr\/wp-json\/wp\/v2\/pages\/8757\/revisions\/8906"}],"wp:featuredmedia":[{"embeddable":true,"href":"https:\/\/www.buildingtrades.ca\/fr\/wp-json\/wp\/v2\/media\/8596"}],"wp:attachment":[{"href":"https:\/\/www.buildingtrades.ca\/fr\/wp-json\/wp\/v2\/media?parent=8757"}],"curies":[{"name":"wp","href":"https:\/\/api.w.org\/{rel}","templated":true}]}}