{"id":8733,"date":"2024-08-13T20:33:36","date_gmt":"2024-08-13T20:33:36","guid":{"rendered":"https:\/\/www.buildingtrades.ca\/?page_id=8733"},"modified":"2024-09-16T16:08:42","modified_gmt":"2024-09-16T16:08:42","slug":"nous-avons-construit-ces-chutes-de-rats-musques","status":"publish","type":"page","link":"https:\/\/www.buildingtrades.ca\/fr\/we-built-that-muskrat-falls\/","title":{"rendered":"C'est nous qui l'avons construit : Chutes Muskrat"},"content":{"rendered":"<div data-elementor-type=\"wp-page\" data-elementor-id=\"8733\" class=\"elementor elementor-8733\" data-elementor-post-type=\"page\">\n\t\t\t\t<div class=\"elementor-element elementor-element-6873cb77 e-flex e-con-boxed e-con e-parent\" data-id=\"6873cb77\" data-element_type=\"container\" data-e-type=\"container\" data-settings=\"{&quot;background_background&quot;:&quot;classic&quot;}\">\n\t\t\t\t\t<div class=\"e-con-inner\">\n\t\t\t\t<div class=\"elementor-element elementor-element-45fc0636 elementor-widget elementor-widget-heading\" data-id=\"45fc0636\" data-element_type=\"widget\" data-e-type=\"widget\" data-widget_type=\"heading.default\">\n\t\t\t\t<div class=\"elementor-widget-container\">\n\t\t\t\t\t<h1 class=\"elementor-heading-title elementor-size-default\">\u00c0 propos de<\/h1>\t\t\t\t<\/div>\n\t\t\t\t<\/div>\n\t\t\t\t\t<\/div>\n\t\t\t\t<\/div>\n\t\t<div class=\"elementor-element elementor-element-8a5b99f e-flex e-con-boxed e-con e-parent\" data-id=\"8a5b99f\" data-element_type=\"container\" data-e-type=\"container\">\n\t\t\t\t\t<div class=\"e-con-inner\">\n\t\t<div class=\"elementor-element elementor-element-36fa3e79 e-con-full e-flex e-con e-child\" data-id=\"36fa3e79\" data-element_type=\"container\" data-e-type=\"container\">\n\t\t\t\t<div class=\"elementor-element elementor-element-3ce122a1 elementor-widget elementor-widget-heading\" data-id=\"3ce122a1\" data-element_type=\"widget\" data-e-type=\"widget\" data-widget_type=\"heading.default\">\n\t\t\t\t<div class=\"elementor-widget-container\">\n\t\t\t\t\t<h2 class=\"elementor-heading-title elementor-size-default\">Nous avons construit cela<\/h2>\t\t\t\t<\/div>\n\t\t\t\t<\/div>\n\t\t\t\t<div class=\"elementor-element elementor-element-79816c2 elementor-widget elementor-widget-heading\" data-id=\"79816c2\" data-element_type=\"widget\" data-e-type=\"widget\" data-widget_type=\"heading.default\">\n\t\t\t\t<div class=\"elementor-widget-container\">\n\t\t\t\t\t<h2 class=\"elementor-heading-title elementor-size-default\">barrage de muskrat falls<\/h2>\t\t\t\t<\/div>\n\t\t\t\t<\/div>\n\t\t\t\t<div class=\"elementor-element elementor-element-13ac45a0 elementor-widget elementor-widget-text-editor\" data-id=\"13ac45a0\" data-element_type=\"widget\" data-e-type=\"widget\" data-widget_type=\"text-editor.default\">\n\t\t\t\t<div class=\"elementor-widget-container\">\n\t\t\t\t\t\t\t\t\t<p>Muskrat Falls est une centrale hydro\u00e9lectrique situ\u00e9e \u00e0 Terre-Neuve-et-Labrador. Le projet a d\u00e9marr\u00e9 en 2013 et s'est achev\u00e9 en 2021. Muskrat Falls a cr\u00e9\u00e9 plus de 3 000 emplois pendant sa construction.<\/p><p>\u00a0<\/p>\t\t\t\t\t\t\t\t<\/div>\n\t\t\t\t<\/div>\n\t\t\t\t<div class=\"elementor-element elementor-element-ba7a3c7 elementor-widget elementor-widget-heading\" data-id=\"ba7a3c7\" data-element_type=\"widget\" data-e-type=\"widget\" data-widget_type=\"heading.default\">\n\t\t\t\t<div class=\"elementor-widget-container\">\n\t\t\t\t\t<h2 class=\"elementor-heading-title elementor-size-default\">Le savais-tu ?<\/h2>\t\t\t\t<\/div>\n\t\t\t\t<\/div>\n\t\t\t\t<div class=\"elementor-element elementor-element-cee30c4 elementor-widget elementor-widget-text-editor\" data-id=\"cee30c4\" data-element_type=\"widget\" data-e-type=\"widget\" data-widget_type=\"text-editor.default\">\n\t\t\t\t<div class=\"elementor-widget-container\">\n\t\t\t\t\t\t\t\t\t<p>Plus de 70 m\u00e9tiers diff\u00e9rents ont travaill\u00e9 ensemble pour construire l'une des plus grandes centrales \u00e9lectriques du monde.<\/p><p>\u00a0<\/p>\t\t\t\t\t\t\t\t<\/div>\n\t\t\t\t<\/div>\n\t\t\t\t<div class=\"elementor-element elementor-element-ebc3d8d elementor-widget elementor-widget-button\" data-id=\"ebc3d8d\" data-element_type=\"widget\" data-e-type=\"widget\" data-widget_type=\"button.default\">\n\t\t\t\t<div class=\"elementor-widget-container\">\n\t\t\t\t\t\t\t\t\t<div class=\"elementor-button-wrapper\">\n\t\t\t\t\t<a class=\"elementor-button elementor-button-link elementor-size-sm\" href=\"https:\/\/www.andritz.com\/hydro-en\/hydronews\/hn37\/muskrat-falls-canada\">\n\t\t\t\t\t\t<span class=\"elementor-button-content-wrapper\">\n\t\t\t\t\t\t\t\t\t<span class=\"elementor-button-text\">En savoir plus<\/span>\n\t\t\t\t\t<\/span>\n\t\t\t\t\t<\/a>\n\t\t\t\t<\/div>\n\t\t\t\t\t\t\t\t<\/div>\n\t\t\t\t<\/div>\n\t\t\t\t<\/div>\n\t\t\t\t\t<\/div>\n\t\t\t\t<\/div>\n\t\t<div class=\"elementor-element elementor-element-139f78a e-flex e-con-boxed e-con e-parent\" data-id=\"139f78a\" data-element_type=\"container\" data-e-type=\"container\">\n\t\t\t\t\t<div class=\"e-con-inner\">\n\t\t\t\t<div class=\"elementor-element elementor-element-bf02fe5 elementor-arrows-position-inside elementor-pagination-position-outside elementor-widget elementor-widget-image-carousel\" data-id=\"bf02fe5\" data-element_type=\"widget\" data-e-type=\"widget\" data-settings=\"{&quot;navigation&quot;:&quot;both&quot;,&quot;autoplay&quot;:&quot;yes&quot;,&quot;pause_on_hover&quot;:&quot;yes&quot;,&quot;pause_on_interaction&quot;:&quot;yes&quot;,&quot;autoplay_speed&quot;:5000,&quot;infinite&quot;:&quot;yes&quot;,&quot;speed&quot;:500}\" data-widget_type=\"image-carousel.default\">\n\t\t\t\t<div class=\"elementor-widget-container\">\n\t\t\t\t\t\t\t<div class=\"elementor-image-carousel-wrapper swiper\" role=\"region\" aria-roledescription=\"carousel\" aria-label=\"Carrousel d&#039;images\" dir=\"ltr\">\n\t\t\t<div class=\"elementor-image-carousel swiper-wrapper\" aria-live=\"off\">\n\t\t\t\t\t\t\t\t<div class=\"swiper-slide\" role=\"group\" aria-roledescription=\"slide\" aria-label=\"1 de 4\"><figure class=\"swiper-slide-inner\"><img decoding=\"async\" class=\"swiper-slide-image\" src=\"https:\/\/www.buildingtrades.ca\/wp-content\/uploads\/2024\/08\/Intake-Side-of-Muskrat-Falls-Dam-1.jpg\" alt=\"C\u00f4t\u00e9 prise d&#039;eau du barrage de Muskrat Falls\" \/><\/figure><\/div><div class=\"swiper-slide\" role=\"group\" aria-roledescription=\"slide\" aria-label=\"2 de 4\"><figure class=\"swiper-slide-inner\"><img decoding=\"async\" class=\"swiper-slide-image\" src=\"https:\/\/www.buildingtrades.ca\/wp-content\/uploads\/2024\/08\/Muskrat-Falls-Image-1.jpg\" alt=\"Chutes Muskrat Image\" \/><\/figure><\/div><div class=\"swiper-slide\" role=\"group\" aria-roledescription=\"slide\" aria-label=\"3 de 4\"><figure class=\"swiper-slide-inner\"><img decoding=\"async\" class=\"swiper-slide-image\" src=\"https:\/\/www.buildingtrades.ca\/wp-content\/uploads\/2024\/08\/Muskrat-Falls_Website_Major-Projects-2-768x576.jpg\" alt=\"Site Web de Muskrat Falls_Principaux projets\" \/><\/figure><\/div><div class=\"swiper-slide\" role=\"group\" aria-roledescription=\"slide\" aria-label=\"4 de 4\"><figure class=\"swiper-slide-inner\"><img decoding=\"async\" class=\"swiper-slide-image\" src=\"https:\/\/www.buildingtrades.ca\/wp-content\/uploads\/2024\/08\/Muskrat-Falls-image-2-768x512.jpg\" alt=\"Chutes Muskrat image 2\" \/><\/figure><\/div>\t\t\t<\/div>\n\t\t\t\t\t\t\t\t\t\t\t\t<div class=\"elementor-swiper-button elementor-swiper-button-prev\" role=\"button\" tabindex=\"0\">\n\t\t\t\t\t\t<svg aria-hidden=\"true\" class=\"e-font-icon-svg e-eicon-chevron-left\" viewbox=\"0 0 1000 1000\" xmlns=\"http:\/\/www.w3.org\/2000\/svg\"><path d=\"M646 125C629 125 613 133 604 142L308 442C296 454 292 471 292 487 292 504 296 521 308 533L604 854C617 867 629 875 646 875 663 875 679 871 692 858 704 846 713 829 713 812 713 796 708 779 692 767L438 487 692 225C700 217 708 204 708 187 708 171 704 154 692 142 675 129 663 125 646 125Z\"><\/path><\/svg>\t\t\t\t\t<\/div>\n\t\t\t\t\t<div class=\"elementor-swiper-button elementor-swiper-button-next\" role=\"button\" tabindex=\"0\">\n\t\t\t\t\t\t<svg aria-hidden=\"true\" class=\"e-font-icon-svg e-eicon-chevron-right\" viewbox=\"0 0 1000 1000\" xmlns=\"http:\/\/www.w3.org\/2000\/svg\"><path d=\"M696 533C708 521 713 504 713 487 713 471 708 454 696 446L400 146C388 133 375 125 354 125 338 125 325 129 313 142 300 154 292 171 292 187 292 204 296 221 308 233L563 492 304 771C292 783 288 800 288 817 288 833 296 850 308 863 321 871 338 875 354 875 371 875 388 867 400 854L696 533Z\"><\/path><\/svg>\t\t\t\t\t<\/div>\n\t\t\t\t\n\t\t\t\t\t\t\t\t\t<div class=\"swiper-pagination\"><\/div>\n\t\t\t\t\t\t\t\t\t<\/div>\n\t\t\t\t\t\t<\/div>\n\t\t\t\t<\/div>\n\t\t\t\t<div class=\"elementor-element elementor-element-ae426e1 elementor-widget elementor-widget-text-editor\" data-id=\"ae426e1\" data-element_type=\"widget\" data-e-type=\"widget\" data-widget_type=\"text-editor.default\">\n\t\t\t\t<div class=\"elementor-widget-container\">\n\t\t\t\t\t\t\t\t\t<p><em>Cr\u00e9dit photo : National Post<\/em><\/p>\t\t\t\t\t\t\t\t<\/div>\n\t\t\t\t<\/div>\n\t\t\t\t\t<\/div>\n\t\t\t\t<\/div>\n\t\t\t\t<\/div>","protected":false},"excerpt":{"rendered":"<p>About We Built that muskrat falls dam Muskrat Falls is a hydroelectric generating station in Newfoundland and Labrador. The project broke ground in 2013 and was completed in 2021. Muskrat Falls created more than 3,000 jobs during its construction. \u00a0 Did you know? More than 70 different trades worked together to build one of the [&hellip;]<\/p>\n","protected":false},"author":3,"featured_media":8739,"parent":0,"menu_order":0,"comment_status":"closed","ping_status":"closed","template":"","meta":{"footnotes":""},"class_list":["post-8733","page","type-page","status-publish","has-post-thumbnail","hentry"],"yoast_head":"<!-- This site is optimized with the Yoast SEO plugin v27.4 - https:\/\/yoast.com\/product\/yoast-seo-wordpress\/ -->\n<title>We Built That: Muskrat Falls - Canada&#039;s Building Trades Unions<\/title>\n<meta name=\"description\" content=\"Our members are proud of the projects we\u2019ve built from coast to coast, and you\u2019ll frequently hear them proudly declare \u2018I built that!\u2019 to their friends, families, and communities whenever they\u2019re near a project they\u2019ve worked on, like Muskrat Falls Hydroelectric Plant\" \/>\n<meta name=\"robots\" content=\"index, follow, max-snippet:-1, max-image-preview:large, max-video-preview:-1\" \/>\n<link rel=\"canonical\" href=\"https:\/\/www.buildingtrades.ca\/fr\/nous-avons-construit-ces-chutes-de-rats-musques\/\" \/>\n<meta property=\"og:locale\" content=\"fr_CA\" \/>\n<meta property=\"og:type\" content=\"article\" \/>\n<meta property=\"og:title\" content=\"We Built That: Muskrat Falls | Canada&#039;s Building Trades Unions\" \/>\n<meta property=\"og:description\" content=\"Our members are proud of the projects we\u2019ve built from coast to coast, and you\u2019ll frequently hear them proudly declare \u2018I built that!\u2019 to their friends, families, and communities whenever they\u2019re near a project they\u2019ve worked on, like Muskrat Falls Hydroelectric Plant\" \/>\n<meta property=\"og:url\" content=\"https:\/\/www.buildingtrades.ca\/fr\/nous-avons-construit-ces-chutes-de-rats-musques\/\" \/>\n<meta property=\"og:site_name\" content=\"Canada&#039;s Building Trades Unions\" \/>\n<meta property=\"article:publisher\" content=\"https:\/\/www.facebook.com\/CdnTrades\/\" \/>\n<meta property=\"article:modified_time\" content=\"2024-09-16T16:08:42+00:00\" \/>\n<meta property=\"og:image\" content=\"https:\/\/www.buildingtrades.ca\/wp-content\/uploads\/2024\/08\/Intake-Side-of-Muskrat-Falls-Dam-1.jpg\" \/>\n\t<meta property=\"og:image:width\" content=\"640\" \/>\n\t<meta property=\"og:image:height\" content=\"480\" \/>\n\t<meta property=\"og:image:type\" content=\"image\/jpeg\" \/>\n<meta name=\"twitter:card\" content=\"summary_large_image\" \/>\n<meta name=\"twitter:site\" content=\"@CDNTrades\" \/>\n<meta name=\"twitter:label1\" content=\"Estimation du temps de lecture\" \/>\n\t<meta name=\"twitter:data1\" content=\"2 minutes\" \/>\n<script type=\"application\/ld+json\" class=\"yoast-schema-graph\">{\"@context\":\"https:\\\/\\\/schema.org\",\"@graph\":[{\"@type\":\"WebPage\",\"@id\":\"https:\\\/\\\/www.buildingtrades.ca\\\/en\\\/we-built-that-muskrat-falls\\\/\",\"url\":\"https:\\\/\\\/www.buildingtrades.ca\\\/en\\\/we-built-that-muskrat-falls\\\/\",\"name\":\"We Built That: Muskrat Falls - Canada&#039;s Building Trades Unions\",\"isPartOf\":{\"@id\":\"https:\\\/\\\/www.buildingtrades.ca\\\/en\\\/#website\"},\"primaryImageOfPage\":{\"@id\":\"https:\\\/\\\/www.buildingtrades.ca\\\/en\\\/we-built-that-muskrat-falls\\\/#primaryimage\"},\"image\":{\"@id\":\"https:\\\/\\\/www.buildingtrades.ca\\\/en\\\/we-built-that-muskrat-falls\\\/#primaryimage\"},\"thumbnailUrl\":\"https:\\\/\\\/www.buildingtrades.ca\\\/wp-content\\\/uploads\\\/2024\\\/08\\\/Intake-Side-of-Muskrat-Falls-Dam-1.jpg\",\"datePublished\":\"2024-08-13T20:33:36+00:00\",\"dateModified\":\"2024-09-16T16:08:42+00:00\",\"description\":\"Our members are proud of the projects we\u2019ve built from coast to coast, and you\u2019ll frequently hear them proudly declare \u2018I built that!\u2019 to their friends, families, and communities whenever they\u2019re near a project they\u2019ve worked on, like Muskrat Falls Hydroelectric Plant\",\"breadcrumb\":{\"@id\":\"https:\\\/\\\/www.buildingtrades.ca\\\/en\\\/we-built-that-muskrat-falls\\\/#breadcrumb\"},\"inLanguage\":\"fr-CA\",\"potentialAction\":[{\"@type\":\"ReadAction\",\"target\":[\"https:\\\/\\\/www.buildingtrades.ca\\\/en\\\/we-built-that-muskrat-falls\\\/\"]}]},{\"@type\":\"ImageObject\",\"inLanguage\":\"fr-CA\",\"@id\":\"https:\\\/\\\/www.buildingtrades.ca\\\/en\\\/we-built-that-muskrat-falls\\\/#primaryimage\",\"url\":\"https:\\\/\\\/www.buildingtrades.ca\\\/wp-content\\\/uploads\\\/2024\\\/08\\\/Intake-Side-of-Muskrat-Falls-Dam-1.jpg\",\"contentUrl\":\"https:\\\/\\\/www.buildingtrades.ca\\\/wp-content\\\/uploads\\\/2024\\\/08\\\/Intake-Side-of-Muskrat-Falls-Dam-1.jpg\",\"width\":640,\"height\":480},{\"@type\":\"BreadcrumbList\",\"@id\":\"https:\\\/\\\/www.buildingtrades.ca\\\/en\\\/we-built-that-muskrat-falls\\\/#breadcrumb\",\"itemListElement\":[{\"@type\":\"ListItem\",\"position\":1,\"name\":\"Home\",\"item\":\"https:\\\/\\\/www.buildingtrades.ca\\\/en\\\/\"},{\"@type\":\"ListItem\",\"position\":2,\"name\":\"We Built That: Muskrat Falls\"}]},{\"@type\":\"WebSite\",\"@id\":\"https:\\\/\\\/www.buildingtrades.ca\\\/en\\\/#website\",\"url\":\"https:\\\/\\\/www.buildingtrades.ca\\\/en\\\/\",\"name\":\"Canada's Building Trades Unions\",\"description\":\"We are the national voice of over half a million Canadian construction workers\u2014members of 14 international unions who work in more than 60 different trades and occupations, and generate six percent of this country\u2019s GDP.\",\"publisher\":{\"@id\":\"https:\\\/\\\/www.buildingtrades.ca\\\/en\\\/#organization\"},\"potentialAction\":[{\"@type\":\"SearchAction\",\"target\":{\"@type\":\"EntryPoint\",\"urlTemplate\":\"https:\\\/\\\/www.buildingtrades.ca\\\/en\\\/?s={search_term_string}\"},\"query-input\":{\"@type\":\"PropertyValueSpecification\",\"valueRequired\":true,\"valueName\":\"search_term_string\"}}],\"inLanguage\":\"fr-CA\"},{\"@type\":\"Organization\",\"@id\":\"https:\\\/\\\/www.buildingtrades.ca\\\/en\\\/#organization\",\"name\":\"Canada's Building Trades Unions\",\"url\":\"https:\\\/\\\/www.buildingtrades.ca\\\/en\\\/\",\"logo\":{\"@type\":\"ImageObject\",\"inLanguage\":\"fr-CA\",\"@id\":\"https:\\\/\\\/www.buildingtrades.ca\\\/en\\\/#\\\/schema\\\/logo\\\/image\\\/\",\"url\":\"https:\\\/\\\/www.buildingtrades.ca\\\/wp-content\\\/uploads\\\/2024\\\/07\\\/cbtu-logo.svg\",\"contentUrl\":\"https:\\\/\\\/www.buildingtrades.ca\\\/wp-content\\\/uploads\\\/2024\\\/07\\\/cbtu-logo.svg\",\"width\":227,\"height\":78,\"caption\":\"Canada's Building Trades Unions\"},\"image\":{\"@id\":\"https:\\\/\\\/www.buildingtrades.ca\\\/en\\\/#\\\/schema\\\/logo\\\/image\\\/\"},\"sameAs\":[\"https:\\\/\\\/www.facebook.com\\\/CdnTrades\\\/\",\"https:\\\/\\\/x.com\\\/CDNTrades\"]}]}<\/script>\n<!-- \/ Yoast SEO plugin. -->","yoast_head_json":{"title":"C'est nous qui l'avons construit : Muskrat Falls - Les Syndicats des m\u00e9tiers de la construction du Canada","description":"Nos membres sont fiers des projets que nous avons construits d'un oc\u00e9an \u00e0 l'autre, et tu les entendras souvent d\u00e9clarer fi\u00e8rement \"J'ai construit \u00e7a !\" \u00e0 leurs amis, \u00e0 leur famille et \u00e0 leur communaut\u00e9 lorsqu'ils se trouvent pr\u00e8s d'un projet sur lequel ils ont travaill\u00e9, comme la centrale hydro\u00e9lectrique de Muskrat Falls.","robots":{"index":"index","follow":"follow","max-snippet":"max-snippet:-1","max-image-preview":"max-image-preview:large","max-video-preview":"max-video-preview:-1"},"canonical":"https:\/\/www.buildingtrades.ca\/fr\/nous-avons-construit-ces-chutes-de-rats-musques\/","og_locale":"fr_CA","og_type":"article","og_title":"We Built That: Muskrat Falls | Canada's Building Trades Unions","og_description":"Our members are proud of the projects we\u2019ve built from coast to coast, and you\u2019ll frequently hear them proudly declare \u2018I built that!\u2019 to their friends, families, and communities whenever they\u2019re near a project they\u2019ve worked on, like Muskrat Falls Hydroelectric Plant","og_url":"https:\/\/www.buildingtrades.ca\/fr\/nous-avons-construit-ces-chutes-de-rats-musques\/","og_site_name":"Canada&#039;s Building Trades Unions","article_publisher":"https:\/\/www.facebook.com\/CdnTrades\/","article_modified_time":"2024-09-16T16:08:42+00:00","og_image":[{"width":640,"height":480,"url":"https:\/\/www.buildingtrades.ca\/wp-content\/uploads\/2024\/08\/Intake-Side-of-Muskrat-Falls-Dam-1.jpg","type":"image\/jpeg"}],"twitter_card":"summary_large_image","twitter_site":"@CDNTrades","twitter_misc":{"Estimation du temps de lecture":"2 minutes"},"schema":{"@context":"https:\/\/schema.org","@graph":[{"@type":"WebPage","@id":"https:\/\/www.buildingtrades.ca\/en\/we-built-that-muskrat-falls\/","url":"https:\/\/www.buildingtrades.ca\/en\/we-built-that-muskrat-falls\/","name":"C'est nous qui l'avons construit : Muskrat Falls - Les Syndicats des m\u00e9tiers de la construction du Canada","isPartOf":{"@id":"https:\/\/www.buildingtrades.ca\/en\/#website"},"primaryImageOfPage":{"@id":"https:\/\/www.buildingtrades.ca\/en\/we-built-that-muskrat-falls\/#primaryimage"},"image":{"@id":"https:\/\/www.buildingtrades.ca\/en\/we-built-that-muskrat-falls\/#primaryimage"},"thumbnailUrl":"https:\/\/www.buildingtrades.ca\/wp-content\/uploads\/2024\/08\/Intake-Side-of-Muskrat-Falls-Dam-1.jpg","datePublished":"2024-08-13T20:33:36+00:00","dateModified":"2024-09-16T16:08:42+00:00","description":"Nos membres sont fiers des projets que nous avons construits d'un oc\u00e9an \u00e0 l'autre, et tu les entendras souvent d\u00e9clarer fi\u00e8rement \"J'ai construit \u00e7a !\" \u00e0 leurs amis, \u00e0 leur famille et \u00e0 leur communaut\u00e9 lorsqu'ils se trouvent pr\u00e8s d'un projet sur lequel ils ont travaill\u00e9, comme la centrale hydro\u00e9lectrique de Muskrat Falls.","breadcrumb":{"@id":"https:\/\/www.buildingtrades.ca\/en\/we-built-that-muskrat-falls\/#breadcrumb"},"inLanguage":"fr-CA","potentialAction":[{"@type":"ReadAction","target":["https:\/\/www.buildingtrades.ca\/en\/we-built-that-muskrat-falls\/"]}]},{"@type":"ImageObject","inLanguage":"fr-CA","@id":"https:\/\/www.buildingtrades.ca\/en\/we-built-that-muskrat-falls\/#primaryimage","url":"https:\/\/www.buildingtrades.ca\/wp-content\/uploads\/2024\/08\/Intake-Side-of-Muskrat-Falls-Dam-1.jpg","contentUrl":"https:\/\/www.buildingtrades.ca\/wp-content\/uploads\/2024\/08\/Intake-Side-of-Muskrat-Falls-Dam-1.jpg","width":640,"height":480},{"@type":"BreadcrumbList","@id":"https:\/\/www.buildingtrades.ca\/en\/we-built-that-muskrat-falls\/#breadcrumb","itemListElement":[{"@type":"ListItem","position":1,"name":"Home","item":"https:\/\/www.buildingtrades.ca\/en\/"},{"@type":"ListItem","position":2,"name":"We Built That: Muskrat Falls"}]},{"@type":"WebSite","@id":"https:\/\/www.buildingtrades.ca\/en\/#website","url":"https:\/\/www.buildingtrades.ca\/en\/","name":"Les syndicats des m\u00e9tiers de la construction au Canada","description":"Nous sommes la voix nationale de plus d'un demi-million de travailleurs canadiens de la construction - membres de 14 syndicats internationaux qui travaillent dans plus de 60 m\u00e9tiers et professions diff\u00e9rents, et g\u00e9n\u00e8rent six pour cent du PIB de ce pays.","publisher":{"@id":"https:\/\/www.buildingtrades.ca\/en\/#organization"},"potentialAction":[{"@type":"SearchAction","target":{"@type":"EntryPoint","urlTemplate":"https:\/\/www.buildingtrades.ca\/en\/?s={search_term_string}"},"query-input":{"@type":"PropertyValueSpecification","valueRequired":true,"valueName":"search_term_string"}}],"inLanguage":"fr-CA"},{"@type":"Organization","@id":"https:\/\/www.buildingtrades.ca\/en\/#organization","name":"Les syndicats des m\u00e9tiers de la construction au Canada","url":"https:\/\/www.buildingtrades.ca\/en\/","logo":{"@type":"ImageObject","inLanguage":"fr-CA","@id":"https:\/\/www.buildingtrades.ca\/en\/#\/schema\/logo\/image\/","url":"https:\/\/www.buildingtrades.ca\/wp-content\/uploads\/2024\/07\/cbtu-logo.svg","contentUrl":"https:\/\/www.buildingtrades.ca\/wp-content\/uploads\/2024\/07\/cbtu-logo.svg","width":227,"height":78,"caption":"Canada's Building Trades Unions"},"image":{"@id":"https:\/\/www.buildingtrades.ca\/en\/#\/schema\/logo\/image\/"},"sameAs":["https:\/\/www.facebook.com\/CdnTrades\/","https:\/\/x.com\/CDNTrades"]}]}},"_links":{"self":[{"href":"https:\/\/www.buildingtrades.ca\/fr\/wp-json\/wp\/v2\/pages\/8733","targetHints":{"allow":["GET"]}}],"collection":[{"href":"https:\/\/www.buildingtrades.ca\/fr\/wp-json\/wp\/v2\/pages"}],"about":[{"href":"https:\/\/www.buildingtrades.ca\/fr\/wp-json\/wp\/v2\/types\/page"}],"author":[{"embeddable":true,"href":"https:\/\/www.buildingtrades.ca\/fr\/wp-json\/wp\/v2\/users\/3"}],"replies":[{"embeddable":true,"href":"https:\/\/www.buildingtrades.ca\/fr\/wp-json\/wp\/v2\/comments?post=8733"}],"version-history":[{"count":17,"href":"https:\/\/www.buildingtrades.ca\/fr\/wp-json\/wp\/v2\/pages\/8733\/revisions"}],"predecessor-version":[{"id":9451,"href":"https:\/\/www.buildingtrades.ca\/fr\/wp-json\/wp\/v2\/pages\/8733\/revisions\/9451"}],"wp:featuredmedia":[{"embeddable":true,"href":"https:\/\/www.buildingtrades.ca\/fr\/wp-json\/wp\/v2\/media\/8739"}],"wp:attachment":[{"href":"https:\/\/www.buildingtrades.ca\/fr\/wp-json\/wp\/v2\/media?parent=8733"}],"curies":[{"name":"wp","href":"https:\/\/api.w.org\/{rel}","templated":true}]}}