{"id":656,"date":"2024-07-24T16:46:02","date_gmt":"2024-07-24T16:46:02","guid":{"rendered":"https:\/\/www.buildingtrades.ca\/?page_id=656"},"modified":"2025-07-31T13:35:04","modified_gmt":"2025-07-31T13:35:04","slug":"questions-sur-le-soutien-aux-apprentis","status":"publish","type":"page","link":"https:\/\/www.buildingtrades.ca\/fr\/questions-sur-le-soutien-aux-apprentis\/","title":{"rendered":"Questions : Apprentissage et soutien aux travailleurs"},"content":{"rendered":"<div data-elementor-type=\"wp-page\" data-elementor-id=\"656\" class=\"elementor elementor-656\" data-elementor-post-type=\"page\">\n\t\t\t\t<div class=\"elementor-element elementor-element-50e9de20 e-flex e-con-boxed e-con e-parent\" data-id=\"50e9de20\" data-element_type=\"container\" data-e-type=\"container\" data-settings=\"{&quot;background_background&quot;:&quot;classic&quot;}\">\n\t\t\t\t\t<div class=\"e-con-inner\">\n\t\t\t\t<div class=\"elementor-element elementor-element-7db24a4d elementor-widget elementor-widget-heading\" data-id=\"7db24a4d\" data-element_type=\"widget\" data-e-type=\"widget\" data-widget_type=\"heading.default\">\n\t\t\t\t<div class=\"elementor-widget-container\">\n\t\t\t\t\t<h2 class=\"elementor-heading-title elementor-size-default\">Questions : Apprentissage et soutien aux travailleurs<\/h2>\t\t\t\t<\/div>\n\t\t\t\t<\/div>\n\t\t\t\t\t<\/div>\n\t\t\t\t<\/div>\n\t\t<div class=\"elementor-element elementor-element-551eacb e-flex e-con-boxed e-con e-parent\" data-id=\"551eacb\" data-element_type=\"container\" data-e-type=\"container\">\n\t\t\t\t\t<div class=\"e-con-inner\">\n\t\t<div class=\"elementor-element elementor-element-7934673 e-con-full e-flex e-con e-child\" data-id=\"7934673\" data-element_type=\"container\" data-e-type=\"container\">\n\t\t\t\t<div class=\"elementor-element elementor-element-12f9668 elementor-widget elementor-widget-heading\" data-id=\"12f9668\" data-element_type=\"widget\" data-e-type=\"widget\" data-widget_type=\"heading.default\">\n\t\t\t\t<div class=\"elementor-widget-container\">\n\t\t\t\t\t<h2 class=\"elementor-heading-title elementor-size-default\">our recommendations<\/h2>\t\t\t\t<\/div>\n\t\t\t\t<\/div>\n\t\t\t\t<div class=\"elementor-element elementor-element-1962b6f elementor-widget elementor-widget-text-editor\" data-id=\"1962b6f\" data-element_type=\"widget\" data-e-type=\"widget\" data-widget_type=\"text-editor.default\">\n\t\t\t\t<div class=\"elementor-widget-container\">\n\t\t\t\t\t\t\t\t\t<p>Le Syndicats des m\u00e9tiers de la construction du Canada pr\u00e9conisent le maintien du soutien \u00e0 l'apprentissage, \u00e0 la formation et \u00e0 l'aide aux travailleurs.<\/p>\n<p>Un syst\u00e8me d'apprentissage syndical sain et viable dans le secteur de la construction est un moyen \u00e9prouv\u00e9 de restaurer la classe moyenne canadienne et de ramener la s\u00e9curit\u00e9 sur le lieu de travail. Le Programme syndical de formation et d'innovation a apport\u00e9 un soutien consid\u00e9rable \u00e0 l'am\u00e9lioration et \u00e0 l'\u00e9largissement de la formation et du soutien aux travailleurs et travailleuses des m\u00e9tiers sp\u00e9cialis\u00e9s. Ce programme nous a permis d'aider la prochaine g\u00e9n\u00e9ration d'apprentis et de gens de m\u00e9tier \u00e0 acqu\u00e9rir les comp\u00e9tences dont ils ont besoin pour r\u00e9ussir dans l'\u00e9conomie changeante du Canada. Le Syndicats des m\u00e9tiers de la construction du Canada soutiennent fermement la poursuite du PFIMS, ainsi que l'am\u00e9lioration de son fonctionnement.<\/p>\n<p>Le syndicat des m\u00e9tiers de la construction du Canada soutient \u00e9galement les mesures visant \u00e0 encourager l'apprentissage et les taux d'ach\u00e8vement des apprentissages, comme le r\u00e9tablissement du service d'apprentissage qui a r\u00e9cemment \u00e9t\u00e9 supprim\u00e9.<span style=\"color: var( --e-global-color-text ); font-family: var( --e-global-typography-text-font-family ), Sans-serif; font-size: 1rem; font-weight: var( --e-global-typography-text-font-weight ); text-align: var(--text-align);\">\u00a0<\/span><\/p>\t\t\t\t\t\t\t\t<\/div>\n\t\t\t\t<\/div>\n\t\t\t\t<div class=\"elementor-element elementor-element-92edbcf elementor-align-start elementor-icon-list--layout-traditional elementor-list-item-link-full_width elementor-widget elementor-widget-icon-list\" data-id=\"92edbcf\" data-element_type=\"widget\" data-e-type=\"widget\" data-widget_type=\"icon-list.default\">\n\t\t\t\t<div class=\"elementor-widget-container\">\n\t\t\t\t\t\t\t<ul class=\"elementor-icon-list-items\">\n\t\t\t\t\t\t\t<li class=\"elementor-icon-list-item\">\n\t\t\t\t\t\t\t\t\t\t\t<span class=\"elementor-icon-list-icon\">\n\t\t\t\t\t\t\t<svg aria-hidden=\"true\" class=\"e-font-icon-svg e-fas-chevron-circle-right\" viewbox=\"0 0 512 512\" xmlns=\"http:\/\/www.w3.org\/2000\/svg\"><path d=\"M256 8c137 0 248 111 248 248S393 504 256 504 8 393 8 256 119 8 256 8zm113.9 231L234.4 103.5c-9.4-9.4-24.6-9.4-33.9 0l-17 17c-9.4 9.4-9.4 24.6 0 33.9L285.1 256 183.5 357.6c-9.4 9.4-9.4 24.6 0 33.9l17 17c9.4 9.4 24.6 9.4 33.9 0L369.9 273c9.4-9.4 9.4-24.6 0-34z\"><\/path><\/svg>\t\t\t\t\t\t<\/span>\n\t\t\t\t\t\t\t\t\t\t<span class=\"elementor-icon-list-text\">R\u00e9tablir le syst\u00e8me de subventions du Service d'apprentissage, qui permettait \u00e0 des organisations comme les Syndicats des m\u00e9tiers de la construction du Canada d'aider financi\u00e8rement les petits et moyens employeurs \u00e0 embaucher des apprentis de premi\u00e8re ann\u00e9e, \u00e0 hauteur de $5 000 pour chaque nouvel apprenti de premi\u00e8re ann\u00e9e, et $10 000 si l'apprenti \u00e9tait embauch\u00e9 au sein d'un groupe vis\u00e9 par l'\u00e9quit\u00e9.<\/span>\n\t\t\t\t\t\t\t\t\t<\/li>\n\t\t\t\t\t\t\t\t<li class=\"elementor-icon-list-item\">\n\t\t\t\t\t\t\t\t\t\t\t<span class=\"elementor-icon-list-icon\">\n\t\t\t\t\t\t\t<svg aria-hidden=\"true\" class=\"e-font-icon-svg e-fas-chevron-circle-right\" viewbox=\"0 0 512 512\" xmlns=\"http:\/\/www.w3.org\/2000\/svg\"><path d=\"M256 8c137 0 248 111 248 248S393 504 256 504 8 393 8 256 119 8 256 8zm113.9 231L234.4 103.5c-9.4-9.4-24.6-9.4-33.9 0l-17 17c-9.4 9.4-9.4 24.6 0 33.9L285.1 256 183.5 357.6c-9.4 9.4-9.4 24.6 0 33.9l17 17c9.4 9.4 24.6 9.4 33.9 0L369.9 273c9.4-9.4 9.4-24.6 0-34z\"><\/path><\/svg>\t\t\t\t\t\t<\/span>\n\t\t\t\t\t\t\t\t\t\t<span class=\"elementor-icon-list-text\">R\u00e9tablir la subvention incitative \u00e0 l'apprentissage, la subvention incitative \u00e0 l'apprentissage pour les femmes et la subvention \u00e0 l'ach\u00e8vement de l'apprentissage, qui ont \u00e9t\u00e9 r\u00e9cemment supprim\u00e9es.  <\/span>\n\t\t\t\t\t\t\t\t\t<\/li>\n\t\t\t\t\t\t\t\t<li class=\"elementor-icon-list-item\">\n\t\t\t\t\t\t\t\t\t\t\t<span class=\"elementor-icon-list-icon\">\n\t\t\t\t\t\t\t<svg aria-hidden=\"true\" class=\"e-font-icon-svg e-fas-chevron-circle-right\" viewbox=\"0 0 512 512\" xmlns=\"http:\/\/www.w3.org\/2000\/svg\"><path d=\"M256 8c137 0 248 111 248 248S393 504 256 504 8 393 8 256 119 8 256 8zm113.9 231L234.4 103.5c-9.4-9.4-24.6-9.4-33.9 0l-17 17c-9.4 9.4-9.4 24.6 0 33.9L285.1 256 183.5 357.6c-9.4 9.4-9.4 24.6 0 33.9l17 17c9.4 9.4 24.6 9.4 33.9 0L369.9 273c9.4-9.4 9.4-24.6 0-34z\"><\/path><\/svg>\t\t\t\t\t\t<\/span>\n\t\t\t\t\t\t\t\t\t\t<span class=\"elementor-icon-list-text\">Modifier la structure de financement du PFIMS pour tenir compte d'un investissement moins important de la part des centres de formation. Souvent, la r\u00e9partition 50\/50 est restrictive pour les centres de formation qui sont financi\u00e8rement limit\u00e9s.<\/span>\n\t\t\t\t\t\t\t\t\t<\/li>\n\t\t\t\t\t\t\t\t<li class=\"elementor-icon-list-item\">\n\t\t\t\t\t\t\t\t\t\t\t<span class=\"elementor-icon-list-icon\">\n\t\t\t\t\t\t\t<svg aria-hidden=\"true\" class=\"e-font-icon-svg e-fas-chevron-circle-right\" viewbox=\"0 0 512 512\" xmlns=\"http:\/\/www.w3.org\/2000\/svg\"><path d=\"M256 8c137 0 248 111 248 248S393 504 256 504 8 393 8 256 119 8 256 8zm113.9 231L234.4 103.5c-9.4-9.4-24.6-9.4-33.9 0l-17 17c-9.4 9.4-9.4 24.6 0 33.9L285.1 256 183.5 357.6c-9.4 9.4-9.4 24.6 0 33.9l17 17c9.4 9.4 24.6 9.4 33.9 0L369.9 273c9.4-9.4 9.4-24.6 0-34z\"><\/path><\/svg>\t\t\t\t\t\t<\/span>\n\t\t\t\t\t\t\t\t\t\t<span class=\"elementor-icon-list-text\">R\u00e9duire la charge administrative pour les syndicats qui ont re\u00e7u un financement dans le cadre du PFIMS.  Normaliser le syst\u00e8me de rapport du PFIMS pour simplifier le processus, et permettre aux entit\u00e9s qui ont re\u00e7u avec succ\u00e8s des fonds du PFIMS dans le pass\u00e9 de faire une nouvelle demande par le biais d'un processus de demande r\u00e9duit.<\/span>\n\t\t\t\t\t\t\t\t\t<\/li>\n\t\t\t\t\t\t<\/ul>\n\t\t\t\t\t\t<\/div>\n\t\t\t\t<\/div>\n\t\t\t\t<\/div>\n\t\t<div class=\"elementor-element elementor-element-942df17 e-con-full e-flex e-con e-child\" data-id=\"942df17\" data-element_type=\"container\" data-e-type=\"container\">\n\t\t\t\t<div class=\"elementor-element elementor-element-7a35245c elementor-button-align-stretch elementor-widget elementor-widget-form\" data-id=\"7a35245c\" data-element_type=\"widget\" data-e-type=\"widget\" data-settings=\"{&quot;step_next_label&quot;:&quot;Next&quot;,&quot;step_previous_label&quot;:&quot;Previous&quot;,&quot;button_width&quot;:&quot;100&quot;,&quot;step_type&quot;:&quot;number_text&quot;,&quot;step_icon_shape&quot;:&quot;circle&quot;}\" data-widget_type=\"form.default\">\n\t\t\t\t<div class=\"elementor-widget-container\">\n\t\t\t\t\t\t\t<form class=\"elementor-form\" method=\"post\" name=\"New Form\" aria-label=\"New Form\" action=\"\">\n\t\t\t<input type=\"hidden\" name=\"post_id\" value=\"656\"\/>\n\t\t\t<input type=\"hidden\" name=\"form_id\" value=\"7a35245c\"\/>\n\t\t\t<input type=\"hidden\" name=\"referer_title\" value=\"Issues: Apprenticeship &amp; Worker Supports - Canada&#039;s Building Trades Unions\" \/>\n\n\t\t\t\t\t\t\t<input type=\"hidden\" name=\"queried_id\" value=\"656\"\/>\n\t\t\t\n\t\t\t<div class=\"elementor-form-fields-wrapper elementor-labels-above\">\n\t\t\t\t\t\t\t\t<div class=\"elementor-field-type-html elementor-field-group elementor-column elementor-field-group-field_5a4fc2b elementor-col-100\">\n\t\t\t\t\t<h3 style=\"font-family:Bebas Neue, sans-serif;color:white;\">Inscris-toi \u00e0 notre bulletin d'information<\/h3>\t\t\t\t<\/div>\n\t\t\t\t\t\t\t\t<div class=\"elementor-field-type-text elementor-field-group elementor-column elementor-field-group-fname elementor-col-100 elementor-field-required\">\n\t\t\t\t\t\t\t\t\t\t\t\t<label for=\"form-field-fname\" class=\"elementor-field-label\">\n\t\t\t\t\t\t\t\tPr\u00e9nom\t\t\t\t\t\t\t<\/label>\n\t\t\t\t\t\t\t\t\t\t\t\t\t\t<input size=\"1\" type=\"text\" name=\"form_fields[fname]\" id=\"form-field-fname\" class=\"elementor-field elementor-size-sm  elementor-field-textual\" placeholder=\"Pr\u00e9nom\" required=\"required\">\n\t\t\t\t\t\t\t\t\t\t\t<\/div>\n\t\t\t\t\t\t\t\t<div class=\"elementor-field-type-email elementor-field-group elementor-column elementor-field-group-email elementor-col-100 elementor-field-required\">\n\t\t\t\t\t\t\t\t\t\t\t\t<label for=\"form-field-email\" class=\"elementor-field-label\">\n\t\t\t\t\t\t\t\tCourriel\t\t\t\t\t\t\t<\/label>\n\t\t\t\t\t\t\t\t\t\t\t\t\t\t<input size=\"1\" type=\"email\" name=\"form_fields[email]\" id=\"form-field-email\" class=\"elementor-field elementor-size-sm  elementor-field-textual\" placeholder=\"Courriel\" required=\"required\">\n\t\t\t\t\t\t\t\t\t\t\t<\/div>\n\t\t\t\t\t\t\t\t<div class=\"elementor-field-type-text elementor-field-group elementor-column elementor-field-group-field_20cba56 elementor-col-100 elementor-field-required\">\n\t\t\t\t\t\t\t\t\t\t\t\t<label for=\"form-field-field_20cba56\" class=\"elementor-field-label\">\n\t\t\t\t\t\t\t\tCode postal\t\t\t\t\t\t\t<\/label>\n\t\t\t\t\t\t\t\t\t\t\t\t\t\t<input size=\"1\" type=\"text\" name=\"form_fields[field_20cba56]\" id=\"form-field-field_20cba56\" class=\"elementor-field elementor-size-sm  elementor-field-textual\" placeholder=\"Code postal\" required=\"required\">\n\t\t\t\t\t\t\t\t\t\t\t<\/div>\n\t\t\t\t\t\t\t\t<div class=\"elementor-field-type-acceptance elementor-field-group elementor-column elementor-field-group-field_0e2df98 elementor-col-100\">\n\t\t\t\t\t\t\t<div class=\"elementor-field-subgroup\">\n\t\t\t<span class=\"elementor-field-option\">\n\t\t\t\t<input type=\"checkbox\" name=\"form_fields[field_0e2df98]\" id=\"form-field-field_0e2df98\" class=\"elementor-field elementor-size-sm  elementor-acceptance-field\" checked=\"checked\">\n\t\t\t\t<label for=\"form-field-field_0e2df98\">Je souhaite recevoir des mises \u00e0 jour sur les activit\u00e9s de la campagne et d'autres communications du SMCC.<\/label>\t\t\t<\/span>\n\t\t<\/div>\n\t\t\t\t\t\t<\/div>\n\t\t\t\t\t\t\t\t<div class=\"elementor-field-group elementor-column elementor-field-type-submit elementor-col-100 e-form__buttons\">\n\t\t\t\t\t<button class=\"elementor-button elementor-size-sm\" type=\"submit\">\n\t\t\t\t\t\t<span class=\"elementor-button-content-wrapper\">\n\t\t\t\t\t\t\t\t\t\t\t\t\t\t\t\t\t\t\t\t\t\t<span class=\"elementor-button-text\">Envoyer<\/span>\n\t\t\t\t\t\t\t\t\t\t\t\t\t<\/span>\n\t\t\t\t\t<\/button>\n\t\t\t\t<\/div>\n\t\t\t<\/div>\n\t\t<input type=\"hidden\" name=\"trp-form-language\" value=\"fr\"\/><\/form>\n\t\t\t\t\t\t<\/div>\n\t\t\t\t<\/div>\n\t\t\t\t<div class=\"elementor-element elementor-element-563958c0 elementor-widget elementor-widget-heading\" data-id=\"563958c0\" data-element_type=\"widget\" data-e-type=\"widget\" data-widget_type=\"heading.default\">\n\t\t\t\t<div class=\"elementor-widget-container\">\n\t\t\t\t\t<h2 class=\"elementor-heading-title elementor-size-default\">contacts politiques<\/h2>\t\t\t\t<\/div>\n\t\t\t\t<\/div>\n\t\t\t\t<div class=\"elementor-element elementor-element-75674cee elementor-widget elementor-widget-text-editor\" data-id=\"75674cee\" data-element_type=\"widget\" data-e-type=\"widget\" data-widget_type=\"text-editor.default\">\n\t\t\t\t<div class=\"elementor-widget-container\">\n\t\t\t\t\t\t\t\t\t<p><b>Jennifer White<br \/><\/b>Conseill\u00e8re principal en communication<br \/>jwhite@buildingtrades.ca<\/p>\n<p><!-- \/wp:paragraph --><\/p>\t\t\t\t\t\t\t\t<\/div>\n\t\t\t\t<\/div>\n\t\t\t\t<\/div>\n\t\t\t\t\t<\/div>\n\t\t\t\t<\/div>\n\t\t\t\t<\/div>","protected":false},"excerpt":{"rendered":"<p>Issues: Apprenticeship &amp; worker supports our recommendations Canada&#8217;s Building Trades Unions advocates for the continued support of apprenticeship, training, and supports for workers. A healthy and viable union construction apprenticeship training system is a proven avenue to restore the Canadian middle class and bring security back to the workplace. The Union Training and Innovation Program [&hellip;]<\/p>","protected":false},"author":1,"featured_media":9771,"parent":0,"menu_order":0,"comment_status":"closed","ping_status":"closed","template":"","meta":{"footnotes":""},"class_list":["post-656","page","type-page","status-publish","has-post-thumbnail","hentry"],"yoast_head":"<!-- This site is optimized with the Yoast SEO plugin v25.4 - https:\/\/yoast.com\/wordpress\/plugins\/seo\/ -->\n<title>Issues: Apprenticeship &amp; Worker Supports - Canada&#039;s Building Trades Unions<\/title>\n<meta name=\"description\" content=\"Canada\u2019s Building Trades Unions advocates for the continued support of apprenticeship, training, and supports for workers. A healthy and viable union construction apprenticeship training system is a proven avenue to restore the Canadian middle class and bring security back to the workplace.\" \/>\n<meta name=\"robots\" content=\"index, follow, max-snippet:-1, max-image-preview:large, max-video-preview:-1\" \/>\n<link rel=\"canonical\" href=\"https:\/\/www.buildingtrades.ca\/fr\/questions-sur-le-soutien-aux-apprentis\/\" \/>\n<meta property=\"og:locale\" content=\"fr_CA\" \/>\n<meta property=\"og:type\" content=\"article\" \/>\n<meta property=\"og:title\" content=\"Our Issues: Apprenticeship &amp; Worker Supports | Canada&#039;s Building Trades Unions\" \/>\n<meta property=\"og:description\" content=\"Canada\u2019s Building Trades Unions advocates for the continued support of apprenticeship, training, and supports for workers.A healthy and viable union construction apprenticeship training system is a proven avenue to restore the Canadian middle class and bring security back to the workplace. The Union Training and Innovation Program has provided considerable support to improve and expand training and support for skilled trades workers.\" \/>\n<meta property=\"og:url\" content=\"https:\/\/www.buildingtrades.ca\/fr\/questions-sur-le-soutien-aux-apprentis\/\" \/>\n<meta property=\"og:site_name\" content=\"Canada&#039;s Building Trades Unions\" \/>\n<meta property=\"article:publisher\" content=\"https:\/\/www.facebook.com\/CdnTrades\/\" \/>\n<meta property=\"article:modified_time\" content=\"2025-07-31T13:35:04+00:00\" \/>\n<meta property=\"og:image\" content=\"https:\/\/www.buildingtrades.ca\/wp-content\/uploads\/2024\/08\/CBTU_Sharer.png\" \/>\n\t<meta property=\"og:image:width\" content=\"1200\" \/>\n\t<meta property=\"og:image:height\" content=\"630\" \/>\n\t<meta property=\"og:image:type\" content=\"image\/png\" \/>\n<meta name=\"twitter:card\" content=\"summary_large_image\" \/>\n<meta name=\"twitter:site\" content=\"@CDNTrades\" \/>\n<meta name=\"twitter:label1\" content=\"Estimation du temps de lecture\" \/>\n\t<meta name=\"twitter:data1\" content=\"2 minutes\" \/>\n<script type=\"application\/ld+json\" class=\"yoast-schema-graph\">{\"@context\":\"https:\/\/schema.org\",\"@graph\":[{\"@type\":\"WebPage\",\"@id\":\"https:\/\/www.buildingtrades.ca\/en\/issues-apprenticeship-worker-supports\/\",\"url\":\"https:\/\/www.buildingtrades.ca\/en\/issues-apprenticeship-worker-supports\/\",\"name\":\"Issues: Apprenticeship & Worker Supports - Canada&#039;s Building Trades Unions\",\"isPartOf\":{\"@id\":\"https:\/\/www.buildingtrades.ca\/en\/#website\"},\"primaryImageOfPage\":{\"@id\":\"https:\/\/www.buildingtrades.ca\/en\/issues-apprenticeship-worker-supports\/#primaryimage\"},\"image\":{\"@id\":\"https:\/\/www.buildingtrades.ca\/en\/issues-apprenticeship-worker-supports\/#primaryimage\"},\"thumbnailUrl\":\"https:\/\/www.buildingtrades.ca\/wp-content\/uploads\/2024\/08\/CBTU_Sharer.png\",\"datePublished\":\"2024-07-24T16:46:02+00:00\",\"dateModified\":\"2025-07-31T13:35:04+00:00\",\"description\":\"Canada\u2019s Building Trades Unions advocates for the continued support of apprenticeship, training, and supports for workers. A healthy and viable union construction apprenticeship training system is a proven avenue to restore the Canadian middle class and bring security back to the workplace.\",\"breadcrumb\":{\"@id\":\"https:\/\/www.buildingtrades.ca\/en\/issues-apprenticeship-worker-supports\/#breadcrumb\"},\"inLanguage\":\"fr-CA\",\"potentialAction\":[{\"@type\":\"ReadAction\",\"target\":[\"https:\/\/www.buildingtrades.ca\/en\/issues-apprenticeship-worker-supports\/\"]}]},{\"@type\":\"ImageObject\",\"inLanguage\":\"fr-CA\",\"@id\":\"https:\/\/www.buildingtrades.ca\/en\/issues-apprenticeship-worker-supports\/#primaryimage\",\"url\":\"https:\/\/www.buildingtrades.ca\/wp-content\/uploads\/2024\/08\/CBTU_Sharer.png\",\"contentUrl\":\"https:\/\/www.buildingtrades.ca\/wp-content\/uploads\/2024\/08\/CBTU_Sharer.png\",\"width\":1200,\"height\":630},{\"@type\":\"BreadcrumbList\",\"@id\":\"https:\/\/www.buildingtrades.ca\/en\/issues-apprenticeship-worker-supports\/#breadcrumb\",\"itemListElement\":[{\"@type\":\"ListItem\",\"position\":1,\"name\":\"Home\",\"item\":\"https:\/\/www.buildingtrades.ca\/en\/\"},{\"@type\":\"ListItem\",\"position\":2,\"name\":\"Issues: Apprenticeship &#038; Worker Supports\"}]},{\"@type\":\"WebSite\",\"@id\":\"https:\/\/www.buildingtrades.ca\/en\/#website\",\"url\":\"https:\/\/www.buildingtrades.ca\/en\/\",\"name\":\"Canada's Building Trades Unions\",\"description\":\"We are the national voice of over half a million Canadian construction workers\u2014members of 14 international unions who work in more than 60 different trades and occupations, and generate six percent of this country\u2019s GDP.\",\"publisher\":{\"@id\":\"https:\/\/www.buildingtrades.ca\/en\/#organization\"},\"potentialAction\":[{\"@type\":\"SearchAction\",\"target\":{\"@type\":\"EntryPoint\",\"urlTemplate\":\"https:\/\/www.buildingtrades.ca\/en\/?s={search_term_string}\"},\"query-input\":{\"@type\":\"PropertyValueSpecification\",\"valueRequired\":true,\"valueName\":\"search_term_string\"}}],\"inLanguage\":\"fr-CA\"},{\"@type\":\"Organization\",\"@id\":\"https:\/\/www.buildingtrades.ca\/en\/#organization\",\"name\":\"Canada's Building Trades Unions\",\"url\":\"https:\/\/www.buildingtrades.ca\/en\/\",\"logo\":{\"@type\":\"ImageObject\",\"inLanguage\":\"fr-CA\",\"@id\":\"https:\/\/www.buildingtrades.ca\/en\/#\/schema\/logo\/image\/\",\"url\":\"https:\/\/www.buildingtrades.ca\/wp-content\/uploads\/2024\/07\/cbtu-logo.svg\",\"contentUrl\":\"https:\/\/www.buildingtrades.ca\/wp-content\/uploads\/2024\/07\/cbtu-logo.svg\",\"width\":227,\"height\":78,\"caption\":\"Canada's Building Trades Unions\"},\"image\":{\"@id\":\"https:\/\/www.buildingtrades.ca\/en\/#\/schema\/logo\/image\/\"},\"sameAs\":[\"https:\/\/www.facebook.com\/CdnTrades\/\",\"https:\/\/x.com\/CDNTrades\"]}]}<\/script>\n<!-- \/ Yoast SEO plugin. -->","yoast_head_json":{"title":"Issues: Apprenticeship & Worker Supports - Canada&#039;s Building Trades Unions","description":"Canada\u2019s Building Trades Unions advocates for the continued support of apprenticeship, training, and supports for workers. A healthy and viable union construction apprenticeship training system is a proven avenue to restore the Canadian middle class and bring security back to the workplace.","robots":{"index":"index","follow":"follow","max-snippet":"max-snippet:-1","max-image-preview":"max-image-preview:large","max-video-preview":"max-video-preview:-1"},"canonical":"https:\/\/www.buildingtrades.ca\/fr\/questions-sur-le-soutien-aux-apprentis\/","og_locale":"fr_CA","og_type":"article","og_title":"Our Issues: Apprenticeship & Worker Supports | Canada's Building Trades Unions","og_description":"Canada\u2019s Building Trades Unions advocates for the continued support of apprenticeship, training, and supports for workers.A healthy and viable union construction apprenticeship training system is a proven avenue to restore the Canadian middle class and bring security back to the workplace. The Union Training and Innovation Program has provided considerable support to improve and expand training and support for skilled trades workers.","og_url":"https:\/\/www.buildingtrades.ca\/fr\/questions-sur-le-soutien-aux-apprentis\/","og_site_name":"Canada&#039;s Building Trades Unions","article_publisher":"https:\/\/www.facebook.com\/CdnTrades\/","article_modified_time":"2025-07-31T13:35:04+00:00","og_image":[{"width":1200,"height":630,"url":"https:\/\/www.buildingtrades.ca\/wp-content\/uploads\/2024\/08\/CBTU_Sharer.png","type":"image\/png"}],"twitter_card":"summary_large_image","twitter_site":"@CDNTrades","twitter_misc":{"Estimation du temps de lecture":"2 minutes"},"schema":{"@context":"https:\/\/schema.org","@graph":[{"@type":"WebPage","@id":"https:\/\/www.buildingtrades.ca\/en\/issues-apprenticeship-worker-supports\/","url":"https:\/\/www.buildingtrades.ca\/en\/issues-apprenticeship-worker-supports\/","name":"Issues: Apprenticeship & Worker Supports - Canada&#039;s Building Trades Unions","isPartOf":{"@id":"https:\/\/www.buildingtrades.ca\/en\/#website"},"primaryImageOfPage":{"@id":"https:\/\/www.buildingtrades.ca\/en\/issues-apprenticeship-worker-supports\/#primaryimage"},"image":{"@id":"https:\/\/www.buildingtrades.ca\/en\/issues-apprenticeship-worker-supports\/#primaryimage"},"thumbnailUrl":"https:\/\/www.buildingtrades.ca\/wp-content\/uploads\/2024\/08\/CBTU_Sharer.png","datePublished":"2024-07-24T16:46:02+00:00","dateModified":"2025-07-31T13:35:04+00:00","description":"Canada\u2019s Building Trades Unions advocates for the continued support of apprenticeship, training, and supports for workers. A healthy and viable union construction apprenticeship training system is a proven avenue to restore the Canadian middle class and bring security back to the workplace.","breadcrumb":{"@id":"https:\/\/www.buildingtrades.ca\/en\/issues-apprenticeship-worker-supports\/#breadcrumb"},"inLanguage":"fr-CA","potentialAction":[{"@type":"ReadAction","target":["https:\/\/www.buildingtrades.ca\/en\/issues-apprenticeship-worker-supports\/"]}]},{"@type":"ImageObject","inLanguage":"fr-CA","@id":"https:\/\/www.buildingtrades.ca\/en\/issues-apprenticeship-worker-supports\/#primaryimage","url":"https:\/\/www.buildingtrades.ca\/wp-content\/uploads\/2024\/08\/CBTU_Sharer.png","contentUrl":"https:\/\/www.buildingtrades.ca\/wp-content\/uploads\/2024\/08\/CBTU_Sharer.png","width":1200,"height":630},{"@type":"BreadcrumbList","@id":"https:\/\/www.buildingtrades.ca\/en\/issues-apprenticeship-worker-supports\/#breadcrumb","itemListElement":[{"@type":"ListItem","position":1,"name":"Home","item":"https:\/\/www.buildingtrades.ca\/en\/"},{"@type":"ListItem","position":2,"name":"Issues: Apprenticeship &#038; Worker Supports"}]},{"@type":"WebSite","@id":"https:\/\/www.buildingtrades.ca\/en\/#website","url":"https:\/\/www.buildingtrades.ca\/en\/","name":"Canada's Building Trades Unions","description":"We are the national voice of over half a million Canadian construction workers\u2014members of 14 international unions who work in more than 60 different trades and occupations, and generate six percent of this country\u2019s GDP.","publisher":{"@id":"https:\/\/www.buildingtrades.ca\/en\/#organization"},"potentialAction":[{"@type":"SearchAction","target":{"@type":"EntryPoint","urlTemplate":"https:\/\/www.buildingtrades.ca\/en\/?s={search_term_string}"},"query-input":{"@type":"PropertyValueSpecification","valueRequired":true,"valueName":"search_term_string"}}],"inLanguage":"fr-CA"},{"@type":"Organization","@id":"https:\/\/www.buildingtrades.ca\/en\/#organization","name":"Canada's Building Trades Unions","url":"https:\/\/www.buildingtrades.ca\/en\/","logo":{"@type":"ImageObject","inLanguage":"fr-CA","@id":"https:\/\/www.buildingtrades.ca\/en\/#\/schema\/logo\/image\/","url":"https:\/\/www.buildingtrades.ca\/wp-content\/uploads\/2024\/07\/cbtu-logo.svg","contentUrl":"https:\/\/www.buildingtrades.ca\/wp-content\/uploads\/2024\/07\/cbtu-logo.svg","width":227,"height":78,"caption":"Canada's Building Trades Unions"},"image":{"@id":"https:\/\/www.buildingtrades.ca\/en\/#\/schema\/logo\/image\/"},"sameAs":["https:\/\/www.facebook.com\/CdnTrades\/","https:\/\/x.com\/CDNTrades"]}]}},"_links":{"self":[{"href":"https:\/\/www.buildingtrades.ca\/fr\/wp-json\/wp\/v2\/pages\/656","targetHints":{"allow":["GET"]}}],"collection":[{"href":"https:\/\/www.buildingtrades.ca\/fr\/wp-json\/wp\/v2\/pages"}],"about":[{"href":"https:\/\/www.buildingtrades.ca\/fr\/wp-json\/wp\/v2\/types\/page"}],"author":[{"embeddable":true,"href":"https:\/\/www.buildingtrades.ca\/fr\/wp-json\/wp\/v2\/users\/1"}],"replies":[{"embeddable":true,"href":"https:\/\/www.buildingtrades.ca\/fr\/wp-json\/wp\/v2\/comments?post=656"}],"version-history":[{"count":10,"href":"https:\/\/www.buildingtrades.ca\/fr\/wp-json\/wp\/v2\/pages\/656\/revisions"}],"predecessor-version":[{"id":10836,"href":"https:\/\/www.buildingtrades.ca\/fr\/wp-json\/wp\/v2\/pages\/656\/revisions\/10836"}],"wp:featuredmedia":[{"embeddable":true,"href":"https:\/\/www.buildingtrades.ca\/fr\/wp-json\/wp\/v2\/media\/9771"}],"wp:attachment":[{"href":"https:\/\/www.buildingtrades.ca\/fr\/wp-json\/wp\/v2\/media?parent=656"}],"curies":[{"name":"wp","href":"https:\/\/api.w.org\/{rel}","templated":true}]}}